{"id":358,"date":"2021-08-23T19:44:17","date_gmt":"2021-08-23T17:44:17","guid":{"rendered":"https:\/\/mccaincalatin.com\/foodservice\/?page_id=358"},"modified":"2021-11-11T19:48:46","modified_gmt":"2021-11-11T18:48:46","slug":"ideas-de-menu","status":"publish","type":"page","link":"https:\/\/mccaincalatin.com\/foodservice\/ideas-de-menu\/","title":{"rendered":"Ideas de men\u00fa"},"content":{"rendered":"<p>\u00bfEst\u00e1s en b\u00fasqueda de esa combinaci\u00f3n ideal para tus platillos? Dale un vistazo a las ideas que McCain te ofrece para que des un giro a tu men\u00fa y acompa\u00f1es tus recetas con nuestros productos.<\/p>\n","protected":false},"excerpt":{"rendered":"<p>\u00bfEst\u00e1s en b\u00fasqueda de esa combinaci\u00f3n ideal para tus platillos? Dale un vistazo a las ideas que McCain te ofrece para que des un giro a tu men\u00fa y acompa\u00f1es tus recetas con nuestros productos.<\/p>\n","protected":false},"author":1,"featured_media":916,"parent":0,"menu_order":0,"comment_status":"closed","ping_status":"closed","template":"templates\/recetas.php","meta":{"_acf_changed":false,"footnotes":""},"class_list":["post-358","page","type-page","status-publish","has-post-thumbnail","hentry"],"acf":[],"_links":{"self":[{"href":"https:\/\/mccaincalatin.com\/foodservice\/wp-json\/wp\/v2\/pages\/358","targetHints":{"allow":["GET"]}}],"collection":[{"href":"https:\/\/mccaincalatin.com\/foodservice\/wp-json\/wp\/v2\/pages"}],"about":[{"href":"https:\/\/mccaincalatin.com\/foodservice\/wp-json\/wp\/v2\/types\/page"}],"author":[{"embeddable":true,"href":"https:\/\/mccaincalatin.com\/foodservice\/wp-json\/wp\/v2\/users\/1"}],"replies":[{"embeddable":true,"href":"https:\/\/mccaincalatin.com\/foodservice\/wp-json\/wp\/v2\/comments?post=358"}],"version-history":[{"count":4,"href":"https:\/\/mccaincalatin.com\/foodservice\/wp-json\/wp\/v2\/pages\/358\/revisions"}],"predecessor-version":[{"id":1696,"href":"https:\/\/mccaincalatin.com\/foodservice\/wp-json\/wp\/v2\/pages\/358\/revisions\/1696"}],"wp:featuredmedia":[{"embeddable":true,"href":"https:\/\/mccaincalatin.com\/foodservice\/wp-json\/wp\/v2\/media\/916"}],"wp:attachment":[{"href":"https:\/\/mccaincalatin.com\/foodservice\/wp-json\/wp\/v2\/media?parent=358"}],"curies":[{"name":"wp","href":"https:\/\/api.w.org\/{rel}","templated":true}]}}