{"id":350,"date":"2021-08-23T19:39:41","date_gmt":"2021-08-23T17:39:41","guid":{"rendered":"https:\/\/mccaincalatin.com\/foodservice\/?page_id=350"},"modified":"2021-11-04T20:09:52","modified_gmt":"2021-11-04T19:09:52","slug":"productos","status":"publish","type":"page","link":"https:\/\/mccaincalatin.com\/foodservice\/productos\/","title":{"rendered":"Productos"},"content":{"rendered":"<p>Papitas, aros de cebolla, jalape\u00f1os rellenos\u2026 Conoce todo el cat\u00e1logo de productos que McCain tiene para tu negocio y consigue los acompa\u00f1amientos perfectos para tu men\u00fa.<\/p>\n","protected":false},"excerpt":{"rendered":"<p>Papitas, aros de cebolla, jalape\u00f1os rellenos\u2026 Conoce todo el cat\u00e1logo de productos que McCain tiene para tu negocio y consigue los acompa\u00f1amientos perfectos para tu men\u00fa.<\/p>\n","protected":false},"author":1,"featured_media":1006,"parent":0,"menu_order":0,"comment_status":"closed","ping_status":"closed","template":"templates\/productos.php","meta":{"_acf_changed":false,"footnotes":""},"class_list":["post-350","page","type-page","status-publish","has-post-thumbnail","hentry"],"acf":[],"_links":{"self":[{"href":"https:\/\/mccaincalatin.com\/foodservice\/wp-json\/wp\/v2\/pages\/350","targetHints":{"allow":["GET"]}}],"collection":[{"href":"https:\/\/mccaincalatin.com\/foodservice\/wp-json\/wp\/v2\/pages"}],"about":[{"href":"https:\/\/mccaincalatin.com\/foodservice\/wp-json\/wp\/v2\/types\/page"}],"author":[{"embeddable":true,"href":"https:\/\/mccaincalatin.com\/foodservice\/wp-json\/wp\/v2\/users\/1"}],"replies":[{"embeddable":true,"href":"https:\/\/mccaincalatin.com\/foodservice\/wp-json\/wp\/v2\/comments?post=350"}],"version-history":[{"count":3,"href":"https:\/\/mccaincalatin.com\/foodservice\/wp-json\/wp\/v2\/pages\/350\/revisions"}],"predecessor-version":[{"id":1388,"href":"https:\/\/mccaincalatin.com\/foodservice\/wp-json\/wp\/v2\/pages\/350\/revisions\/1388"}],"wp:featuredmedia":[{"embeddable":true,"href":"https:\/\/mccaincalatin.com\/foodservice\/wp-json\/wp\/v2\/media\/1006"}],"wp:attachment":[{"href":"https:\/\/mccaincalatin.com\/foodservice\/wp-json\/wp\/v2\/media?parent=350"}],"curies":[{"name":"wp","href":"https:\/\/api.w.org\/{rel}","templated":true}]}}