{"id":2997,"date":"2023-07-11T08:32:32","date_gmt":"2023-07-11T06:32:32","guid":{"rendered":"https:\/\/mccaincalatin.com\/foodservice\/?page_id=2997"},"modified":"2023-07-11T08:32:39","modified_gmt":"2023-07-11T06:32:39","slug":"mccain-university","status":"publish","type":"page","link":"https:\/\/mccaincalatin.com\/foodservice\/mccain-university\/","title":{"rendered":"McCain University"},"content":{"rendered":"<h2>Play<\/h2>\n<p>Conoce m\u00e1s de nuestros productos, su versatilidad y recomendaciones de cocci\u00f3n<br \/>\npara que obtengas los mejores resultados, d\u00e1ndole un valor agregado a tu negocio<br \/>\ncon McCain\u00ae<\/p>\n","protected":false},"excerpt":{"rendered":"<p>Play Conoce m\u00e1s de nuestros productos, su versatilidad y recomendaciones de cocci\u00f3n para que obtengas los mejores resultados, d\u00e1ndole un valor agregado a tu negocio con McCain\u00ae<\/p>\n","protected":false},"author":1,"featured_media":2998,"parent":0,"menu_order":0,"comment_status":"closed","ping_status":"closed","template":"templates\/mccain-university.php","meta":{"_acf_changed":false,"footnotes":""},"class_list":["post-2997","page","type-page","status-publish","has-post-thumbnail","hentry"],"acf":[],"_links":{"self":[{"href":"https:\/\/mccaincalatin.com\/foodservice\/wp-json\/wp\/v2\/pages\/2997","targetHints":{"allow":["GET"]}}],"collection":[{"href":"https:\/\/mccaincalatin.com\/foodservice\/wp-json\/wp\/v2\/pages"}],"about":[{"href":"https:\/\/mccaincalatin.com\/foodservice\/wp-json\/wp\/v2\/types\/page"}],"author":[{"embeddable":true,"href":"https:\/\/mccaincalatin.com\/foodservice\/wp-json\/wp\/v2\/users\/1"}],"replies":[{"embeddable":true,"href":"https:\/\/mccaincalatin.com\/foodservice\/wp-json\/wp\/v2\/comments?post=2997"}],"version-history":[{"count":1,"href":"https:\/\/mccaincalatin.com\/foodservice\/wp-json\/wp\/v2\/pages\/2997\/revisions"}],"predecessor-version":[{"id":2999,"href":"https:\/\/mccaincalatin.com\/foodservice\/wp-json\/wp\/v2\/pages\/2997\/revisions\/2999"}],"wp:featuredmedia":[{"embeddable":true,"href":"https:\/\/mccaincalatin.com\/foodservice\/wp-json\/wp\/v2\/media\/2998"}],"wp:attachment":[{"href":"https:\/\/mccaincalatin.com\/foodservice\/wp-json\/wp\/v2\/media?parent=2997"}],"curies":[{"name":"wp","href":"https:\/\/api.w.org\/{rel}","templated":true}]}}