{"id":2575,"date":"2022-12-09T19:22:12","date_gmt":"2022-12-09T18:22:12","guid":{"rendered":"https:\/\/mccaincalatin.com\/foodservice\/?page_id=2575"},"modified":"2022-12-28T23:06:10","modified_gmt":"2022-12-28T22:06:10","slug":"cultivo-inteligente-y-sostenible","status":"publish","type":"page","link":"https:\/\/mccaincalatin.com\/foodservice\/sostenibilidad\/cultivo-inteligente-y-sostenible\/","title":{"rendered":"Cultivo Inteligente y Sostenible"},"content":{"rendered":"<p>El futuro de nuestros sistemas alimentarios se ven afectados con el cambio clim\u00e1tico, degradaci\u00f3n del suelo, p\u00e9rdida de biodiversidad, desperdicio de alimentos\u2026 entre otros. Es por esto que hoy m\u00e1s que nunca es clave optar por formas de cultivo m\u00e1s sostenibles.<\/p>\n","protected":false},"excerpt":{"rendered":"<p>El futuro de nuestros sistemas alimentarios se ven afectados con el cambio clim\u00e1tico, degradaci\u00f3n del suelo, p\u00e9rdida de biodiversidad, desperdicio de alimentos\u2026 entre otros. Es por esto que hoy m\u00e1s que nunca es clave optar por formas de cultivo m\u00e1s sostenibles.<\/p>\n","protected":false},"author":1,"featured_media":0,"parent":2552,"menu_order":0,"comment_status":"closed","ping_status":"closed","template":"templates\/sostenibilidad-interna.php","meta":{"_acf_changed":false,"footnotes":""},"class_list":["post-2575","page","type-page","status-publish","hentry"],"acf":[],"_links":{"self":[{"href":"https:\/\/mccaincalatin.com\/foodservice\/wp-json\/wp\/v2\/pages\/2575","targetHints":{"allow":["GET"]}}],"collection":[{"href":"https:\/\/mccaincalatin.com\/foodservice\/wp-json\/wp\/v2\/pages"}],"about":[{"href":"https:\/\/mccaincalatin.com\/foodservice\/wp-json\/wp\/v2\/types\/page"}],"author":[{"embeddable":true,"href":"https:\/\/mccaincalatin.com\/foodservice\/wp-json\/wp\/v2\/users\/1"}],"replies":[{"embeddable":true,"href":"https:\/\/mccaincalatin.com\/foodservice\/wp-json\/wp\/v2\/comments?post=2575"}],"version-history":[{"count":7,"href":"https:\/\/mccaincalatin.com\/foodservice\/wp-json\/wp\/v2\/pages\/2575\/revisions"}],"predecessor-version":[{"id":2708,"href":"https:\/\/mccaincalatin.com\/foodservice\/wp-json\/wp\/v2\/pages\/2575\/revisions\/2708"}],"up":[{"embeddable":true,"href":"https:\/\/mccaincalatin.com\/foodservice\/wp-json\/wp\/v2\/pages\/2552"}],"wp:attachment":[{"href":"https:\/\/mccaincalatin.com\/foodservice\/wp-json\/wp\/v2\/media?parent=2575"}],"curies":[{"name":"wp","href":"https:\/\/api.w.org\/{rel}","templated":true}]}}