{"id":2552,"date":"2022-12-09T18:07:09","date_gmt":"2022-12-09T17:07:09","guid":{"rendered":"https:\/\/mccaincalatin.com\/foodservice\/?page_id=2552"},"modified":"2023-01-26T00:12:57","modified_gmt":"2023-01-25T23:12:57","slug":"sostenibilidad","status":"publish","type":"page","link":"https:\/\/mccaincalatin.com\/foodservice\/sostenibilidad\/","title":{"rendered":"Sostenibilidad"},"content":{"rendered":"<p>El prop\u00f3sito de McCain m\u00e1s all\u00e1 de cosechar productos deliciosos, de calidad y convenientes para las familias del mundo tiene el compromiso de hacerlo en un marco sostenible, con operaciones amigables con el planeta que buscan siempre el bienestar en las comunidades en las que opera.<\/p>\n","protected":false},"excerpt":{"rendered":"<p>El prop\u00f3sito de McCain m\u00e1s all\u00e1 de cosechar productos deliciosos, de calidad y convenientes para las familias del mundo tiene el compromiso de hacerlo en un marco sostenible, con operaciones amigables con el planeta que buscan siempre el bienestar en las comunidades en las que opera.<\/p>\n","protected":false},"author":1,"featured_media":0,"parent":0,"menu_order":0,"comment_status":"closed","ping_status":"closed","template":"templates\/sostenibilidad.php","meta":{"_acf_changed":false,"footnotes":""},"class_list":["post-2552","page","type-page","status-publish","hentry"],"acf":[],"_links":{"self":[{"href":"https:\/\/mccaincalatin.com\/foodservice\/wp-json\/wp\/v2\/pages\/2552","targetHints":{"allow":["GET"]}}],"collection":[{"href":"https:\/\/mccaincalatin.com\/foodservice\/wp-json\/wp\/v2\/pages"}],"about":[{"href":"https:\/\/mccaincalatin.com\/foodservice\/wp-json\/wp\/v2\/types\/page"}],"author":[{"embeddable":true,"href":"https:\/\/mccaincalatin.com\/foodservice\/wp-json\/wp\/v2\/users\/1"}],"replies":[{"embeddable":true,"href":"https:\/\/mccaincalatin.com\/foodservice\/wp-json\/wp\/v2\/comments?post=2552"}],"version-history":[{"count":16,"href":"https:\/\/mccaincalatin.com\/foodservice\/wp-json\/wp\/v2\/pages\/2552\/revisions"}],"predecessor-version":[{"id":2758,"href":"https:\/\/mccaincalatin.com\/foodservice\/wp-json\/wp\/v2\/pages\/2552\/revisions\/2758"}],"wp:attachment":[{"href":"https:\/\/mccaincalatin.com\/foodservice\/wp-json\/wp\/v2\/media?parent=2552"}],"curies":[{"name":"wp","href":"https:\/\/api.w.org\/{rel}","templated":true}]}}